{"id":2673,"date":"2024-06-03T19:00:06","date_gmt":"2024-06-03T12:00:06","guid":{"rendered":"https:\/\/nonghoaxanh.vn\/?post_type=product&#038;p=2673"},"modified":"2025-05-29T15:28:50","modified_gmt":"2025-05-29T08:28:50","slug":"bio-grow","status":"publish","type":"product","link":"https:\/\/nongnghiepduyphat.vn\/en\/san-pham\/bio-grow\/","title":{"rendered":"Bio Grow"},"content":{"rendered":"<div>\n<div><span style=\"color: #000000;\"><strong>TH\u00c0NH PH\u1ea6N<\/strong><\/span><\/div>\n<div>Ch\u1ea5t h\u1eefu c\u01a1: 30%; T\u1ef7 l\u1ec7 C\/N: 11; T\u1ef7 tr\u1ecdng: 1,1; pH<span style=\"font-size: 75%;\">H2O<\/span>: 5<\/div>\n<div>Nitrogen (N<span style=\"font-size: 75%;\">ts<\/span>): 3%; Potassium Oxide (K<span style=\"font-size: 75%;\">2<\/span>O<span style=\"font-size: 75%;\">hh<\/span>): 10%; Acid Humic: 15%; Acid Fulvic: 25%;\u00a0 \u00a0Amino acid:\u00a0 11,5%;<\/div>\n<div><strong>C\u00d4NG D\u1ee4NG<\/strong><\/div>\n<\/div>\n<ul>\n<li>K\u00edch th\u00edch ra r\u1ec5, bung \u0111\u1ecdt nhanh, k\u00e9o \u0111\u1ecdt m\u1ea1nh.<\/li>\n<li>Gi\u00fap ra hoa nhi\u1ec1u, gi\u1ea3m r\u1ee5ng tr\u00e1i non.<\/li>\n<li>Gi\u00fap tr\u00e1i l\u1edbn nhanh, to tr\u00e1i, b\u00f3ng tr\u00e1i, \u0111\u1eb9p tr\u00e1i.<\/li>\n<li>Ph\u1ee5c h\u1ed3i c\u00e2y suy y\u1ebfu, c\u00e2y gi\u00e0, nhi\u1ec5m m\u1eb7n, gi\u00fap c\u00e2y ra r\u1ec5 m\u1ea1nh.<\/li>\n<li>C\u1ea3i t\u1ea1o \u0111\u1ea5t, h\u1ea1 ph\u00e8n v\u00e0 t\u0103ng \u0111\u1ed9 ph\u00ec nhi\u00eau cho \u0111\u1ea5t.<\/li>\n<\/ul>\n<div><strong>H\u01af\u1edaNG D\u1eaaN S\u1eec D\u1ee4NG<\/strong><\/div>\n<div>Pha 1 l\u00edt cho 300-500 l\u00edt n\u01b0\u1edbc t\u00f9y theo giai \u0111o\u1ea1n ph\u00e1t tri\u1ec3n c\u1ee7a c\u00e2y.<\/div>\n<div>\u2022 Giai \u0111o\u1ea1n c\u00e2y con: Pha 4 l\u00edt cho 2000 l\u00edt n\u01b0\u1edbc, phun ho\u1eb7c t\u01b0\u1edbi cho 1 ha<\/div>\n<div>\u2022 Giai \u0111o\u1ea1n c\u00e2y tr\u01b0\u1edfng th\u00e0nh, tr\u01b0\u1edbc khi ra hoa, nu\u00f4i tr\u00e1i v\u00e0 ph\u1ee5c h\u1ed3i sau thu ho\u1ea1ch: Pha 6 l\u00edt cho 3000 l\u00edt n\u01b0\u1edbc, phun ho\u1eb7c t\u01b0\u1edbi cho 1 ha.<\/div>\n<div>&#8211; Phun qua l\u00e1 \u0111\u1ecbnh k\u1ef3 7-10 ng\u00e0y\/l\u1ea7n, t\u01b0\u1edbi g\u1ed1c 15 ng\u00e0y\/l\u1ea7n.<\/div>\n<div>&#8211; Ng\u1eebng b\u00f3n ph\u00e2n tr\u01b0\u1edbc khi thu ho\u1ea1ch 15 ng\u00e0y.<\/div>\n<div><strong><em>L\u01b0u \u00fd:\u00a0<\/em><\/strong><\/div>\n<div>\u2022 L\u1eafc \u0111\u1ec1u tr\u01b0\u1edbc khi s\u1eed d\u1ee5ng<\/div>\n<div>\u2022 B\u1ea3o qu\u1ea3n n\u01a1i kh\u00f4 r\u00e1o, tr\u00e1nh \u00e1nh n\u1eafng tr\u1ef1c ti\u1ebfp l\u00e2u d\u00e0i.<\/div>\n<div>\u2022 Phun ho\u1eb7c t\u01b0\u1edbi v\u00e0 l\u00fac sang s\u1edbm ho\u1eb7c tr\u1eddi m\u00e1t.<\/div>\n<div><\/div>\n","protected":false},"excerpt":{"rendered":"<p>TH\u00c0NH PH\u1ea6N Ch\u1ea5t h\u1eefu c\u01a1: 30%; T\u1ef7 l\u1ec7 C\/N: 11; T\u1ef7 tr\u1ecdng: 1,1; pHH2O: 5 Nitrogen (Nts): 3%; Potassium Oxide (K2Ohh): 10%; Acid Humic: 15%; Acid Fulvic: 25%;\u00a0 \u00a0Amino acid:\u00a0 11,5%; C\u00d4NG D\u1ee4NG K\u00edch th\u00edch ra r\u1ec5, bung \u0111\u1ecdt nhanh, k\u00e9o \u0111\u1ecdt m\u1ea1nh. Gi\u00fap ra hoa nhi\u1ec1u, gi\u1ea3m r\u1ee5ng tr\u00e1i non. Gi\u00fap tr\u00e1i l\u1edbn nhanh, [&#8230;]\n","protected":false},"featured_media":0,"comment_status":"open","ping_status":"closed","template":"","meta":{"_acf_changed":false},"pwb-brand":[],"product_brand":[],"product_cat":[286],"product_tag":[],"yst_prominent_words":[],"class_list":{"0":"post-2673","1":"product","2":"type-product","3":"status-publish","5":"product_cat-product","7":"first","8":"instock","9":"shipping-taxable","10":"purchasable","11":"product-type-simple","12":"add-to-wishlist-after_add_to_cart"},"acf":[],"brands":[],"_links":{"self":[{"href":"https:\/\/nongnghiepduyphat.vn\/en\/wp-json\/wp\/v2\/product\/2673","targetHints":{"allow":["GET"]}}],"collection":[{"href":"https:\/\/nongnghiepduyphat.vn\/en\/wp-json\/wp\/v2\/product"}],"about":[{"href":"https:\/\/nongnghiepduyphat.vn\/en\/wp-json\/wp\/v2\/types\/product"}],"replies":[{"embeddable":true,"href":"https:\/\/nongnghiepduyphat.vn\/en\/wp-json\/wp\/v2\/comments?post=2673"}],"wp:attachment":[{"href":"https:\/\/nongnghiepduyphat.vn\/en\/wp-json\/wp\/v2\/media?parent=2673"}],"wp:term":[{"taxonomy":"pwb-brand","embeddable":true,"href":"https:\/\/nongnghiepduyphat.vn\/en\/wp-json\/wp\/v2\/pwb-brand?post=2673"},{"taxonomy":"product_brand","embeddable":true,"href":"https:\/\/nongnghiepduyphat.vn\/en\/wp-json\/wp\/v2\/product_brand?post=2673"},{"taxonomy":"product_cat","embeddable":true,"href":"https:\/\/nongnghiepduyphat.vn\/en\/wp-json\/wp\/v2\/product_cat?post=2673"},{"taxonomy":"product_tag","embeddable":true,"href":"https:\/\/nongnghiepduyphat.vn\/en\/wp-json\/wp\/v2\/product_tag?post=2673"},{"taxonomy":"yst_prominent_words","embeddable":true,"href":"https:\/\/nongnghiepduyphat.vn\/en\/wp-json\/wp\/v2\/yst_prominent_words?post=2673"}],"curies":[{"name":"wp","href":"https:\/\/api.w.org\/{rel}","templated":true}]}}