{"id":2676,"date":"2024-04-15T15:34:50","date_gmt":"2024-04-15T08:34:50","guid":{"rendered":"https:\/\/nonghoaxanh.vn\/?post_type=product&#038;p=2676"},"modified":"2025-05-29T15:34:38","modified_gmt":"2025-05-29T08:34:38","slug":"si-k","status":"publish","type":"product","link":"https:\/\/nongnghiepduyphat.vn\/en\/san-pham\/si-k\/","title":{"rendered":"Si-K"},"content":{"rendered":"<p><b>TH\u00c0NH PH\u1ea6N<\/b><\/p>\n<p><span style=\"font-weight: 400;\">Th\u00e0nh ph\u1ea7n \u0111\u0103ng k\u00fd: Silic h\u1eefu hi\u1ec7u (SiO2hh): 25% pH H20: 65; T\u1ec9 tr\u1ecdng 1,23; Kali hi\u1ec7n h\u1eefu: 16,5%<\/span><\/p>\n<p><strong>C\u00d4NG D\u1ee4NG<\/strong><\/p>\n<ul>\n<li><span style=\"font-weight: 400;\"> Cung c\u1ea5p Silic v\u00e0 Kali d\u1ea1ng h\u00f2a tan d\u1ec5 ti\u00eau gi\u00fap l\u00e1 nhanh gi\u00e0, l\u00e1 m\u1edf nhanh, \u1ee9c ch\u1ebf \u0111\u1ecdt non ph\u00e1t tri\u1ec3n.<\/span><\/li>\n<li><span style=\"font-weight: 400;\"> C\u00e2n b\u1eb1ng h\u00e0m l\u01b0\u1ee3ng Silic v\u00e0 Kali trong c\u00e2y gi\u00fap qu\u00e1 tr\u00ecnh sinh tr\u01b0\u1edfng c\u1ee7a c\u00e2y t\u1ed1i \u01b0u.<\/span><\/li>\n<li><span style=\"font-weight: 400;\"> H\u1ea1n ch\u1ebf r\u1ee5ng tr\u00e1i non (sau x\u1ed5 nh\u1ee5y phun 1-2 l\u1ea7n). L\u00e0 <\/span>dinh d\u01b0\u1ee1ng nu\u00f4i tr\u00e1i, gi\u00fap tr\u00e1i ph\u00e1t tri\u1ec3n \u0111\u1ed3ng \u0111\u1ec1u, l\u00ean m\u00e0u, n\u1eb7ng tr\u00e1i.<\/li>\n<li><span style=\"font-weight: 400;\"> Ch\u1ed1ng s\u01b0\u1ee3ng tr\u00e1i, th\u1ed1i tr\u00e1i, gi\u00fap c\u1ee9ng gai, ch\u1ed1ng b\u1ecb b\u1ec3 <\/span>\u0111\u1ea7u gai tr\u00ean s\u1ea7u ri\u00eang.<\/li>\n<li><span style=\"font-weight: 400;\">Ch\u1ed1ng l\u1ea1i n\u1ea5m, c\u00f4n tr\u00f9ng. Hi\u1ec7u qu\u1ea3 cao trong ph\u00f2ng <\/span>tr\u1ecb b\u1ec7nh n\u1ea5m, c\u00f4n tr\u00f9ng g\u00e2y h\u1ea1i.<\/li>\n<li><span style=\"font-weight: 400;\"> Gi\u00fap ti\u00eau, c\u00e0 ph\u00ea ch\u1eafc h\u1ea1t, gi\u00fap cam qu\u00fdt thanh long <\/span>c\u1ee9ng v\u1ecf, to qu\u1ea3. Gi\u00fap h\u00e0nh, t\u1ecfi c\u1ee9ng d\u1ecdc, xu\u1ed1ng c\u1ee7.<\/li>\n<\/ul>\n<p><strong>H\u01af\u1edaNG D\u1eaaN S\u1eec D\u1ee4NG<\/strong><\/p>\n<ul>\n<li><span style=\"font-weight: 400;\"> C\u00e2y \u0103n tr\u00e1i, c\u00e2y c\u00f4ng nghi\u1ec7p: Pha chai 500ml v\u1edbi 300-400 l\u00edt n\u01b0\u1edbc t\u01b0\u1edbi \u01b0\u1edbt \u0111\u1ec1u 2 m\u1eb7t l\u00e1, phun nh\u1eafc l\u1ea1i sau 5 ng\u00e0y.<\/span><\/li>\n<li><span style=\"font-weight: 400;\"> C\u00e2y l\u01b0\u01a1ng th\u1ef1c, hoa m\u00e0u: Pha chai 500ml v\u1edbi 400 l\u00edt n\u01b0\u1edbc, phun \u01b0\u1edbt \u0111\u1ec1u 2 m\u1eb7t l\u00e1.<\/span><\/li>\n<\/ul>\n<p><span style=\"font-weight: 400;\">Lo\u1ea1i ph\u00e2n b\u00f3n: Ph\u00e2n b\u00f3n l\u00e1 trung l\u01b0\u1ee3ng<\/span><\/p>\n<p><span style=\"font-weight: 400;\">Ph\u01b0\u01a1ng th\u1ee9c s\u1eed d\u1ee5ng: B\u00f3n l\u00e1 (d\u1ea1ng l\u1ecfng)<\/span><\/p>\n<p><strong>H\u01af\u1edaNG D\u1eaaN AN TO\u00c0N<\/strong><\/p>\n<p><span style=\"font-weight: 400;\">M\u1eb7c \u0111\u1ea7y \u0111\u1ee7 b\u00e0o h\u1ed9 lao \u0111\u1ed9ng. \u0110eo g\u0103ng tay, mang kh\u1ea9u trang, k\u00ednh khi pha v\u00e0 phun thu\u1ed1c, kh\u00f4ng phun ng\u01b0\u1ee3c chi\u1ec1u gi\u00f3. Kh\u00f4ng h\u00fat thu\u1ed1c, \u0103n u\u1ed1ng trong khi s\u1eed d\u1ee5ng thu\u1ed1c. T\u1eafm, gi\u1eb7t s\u1ea1ch s\u1ebd sau khi phun thu\u1ed1c xong. \u0110\u1ec3 xa t\u1ea7m tay tr\u1ebb em, kh\u00f4ng \u0111\u1ec3 chung v\u1edbi th\u1ef1c ph\u1ea9m, th\u1ee9c \u0103n gia s\u00fac.<\/span><\/p>\n<p><span style=\"font-weight: 400;\">\u0110\u1eccC K\u1ef8 NH\u00c3N THU\u1ed0C TR\u01af\u1edaC KHI D\u00d9NG.<\/span><\/p>\n<p><strong>B\u1ea2O QU\u1ea2N<\/strong><\/p>\n<p><span style=\"font-weight: 400;\">B\u1ea3o qu\u1ea3n n\u01a1i kh\u00f4 r\u00e1o, tho\u1ea3ng m\u00e1t. Tr\u00e1nh xa t\u1ea7m tay tr\u1ebb em.<\/span><\/p>\n","protected":false},"excerpt":{"rendered":"<p><strong>GI\u00daP GI\u00c0 L\u00c1 NHANH &#8211; \u00daC CH\u1ebe \u0110\u1eccT NON &#8211; CH\u1eb6N \u0110I \u0110\u1ed8T &#8211; XANH GAI V\u00c0NG C\u01a0M &#8211; TR\u00c1I CH\u1eaeC &#8211; CH\u1ed0NG N\u00daT TR\u00c1I -R\u1ee4NG TR\u00c1I<\/strong><\/p>\n","protected":false},"featured_media":2547,"comment_status":"open","ping_status":"closed","template":"","meta":{"_acf_changed":false},"pwb-brand":[],"product_brand":[],"product_cat":[15],"product_tag":[],"yst_prominent_words":[],"class_list":{"0":"post-2676","1":"product","2":"type-product","3":"status-publish","4":"has-post-thumbnail","6":"product_cat-trong","8":"first","9":"instock","10":"shipping-taxable","11":"purchasable","12":"product-type-simple","13":"add-to-wishlist-after_add_to_cart"},"acf":[],"brands":[],"_links":{"self":[{"href":"https:\/\/nongnghiepduyphat.vn\/en\/wp-json\/wp\/v2\/product\/2676","targetHints":{"allow":["GET"]}}],"collection":[{"href":"https:\/\/nongnghiepduyphat.vn\/en\/wp-json\/wp\/v2\/product"}],"about":[{"href":"https:\/\/nongnghiepduyphat.vn\/en\/wp-json\/wp\/v2\/types\/product"}],"replies":[{"embeddable":true,"href":"https:\/\/nongnghiepduyphat.vn\/en\/wp-json\/wp\/v2\/comments?post=2676"}],"wp:featuredmedia":[{"embeddable":true,"href":"https:\/\/nongnghiepduyphat.vn\/en\/wp-json\/wp\/v2\/media\/2547"}],"wp:attachment":[{"href":"https:\/\/nongnghiepduyphat.vn\/en\/wp-json\/wp\/v2\/media?parent=2676"}],"wp:term":[{"taxonomy":"pwb-brand","embeddable":true,"href":"https:\/\/nongnghiepduyphat.vn\/en\/wp-json\/wp\/v2\/pwb-brand?post=2676"},{"taxonomy":"product_brand","embeddable":true,"href":"https:\/\/nongnghiepduyphat.vn\/en\/wp-json\/wp\/v2\/product_brand?post=2676"},{"taxonomy":"product_cat","embeddable":true,"href":"https:\/\/nongnghiepduyphat.vn\/en\/wp-json\/wp\/v2\/product_cat?post=2676"},{"taxonomy":"product_tag","embeddable":true,"href":"https:\/\/nongnghiepduyphat.vn\/en\/wp-json\/wp\/v2\/product_tag?post=2676"},{"taxonomy":"yst_prominent_words","embeddable":true,"href":"https:\/\/nongnghiepduyphat.vn\/en\/wp-json\/wp\/v2\/yst_prominent_words?post=2676"}],"curies":[{"name":"wp","href":"https:\/\/api.w.org\/{rel}","templated":true}]}}