{"id":2763,"date":"2025-10-01T11:19:12","date_gmt":"2025-10-01T04:19:12","guid":{"rendered":"https:\/\/duyphat.midolikit.com\/?post_type=product&#038;p=2763"},"modified":"2026-03-05T12:18:46","modified_gmt":"2026-03-05T05:18:46","slug":"tom-the-chan-trang-duy-phat","status":"publish","type":"product","link":"https:\/\/nongnghiepduyphat.vn\/en\/san-pham\/tom-the-chan-trang-duy-phat\/","title":{"rendered":"T\u00f4m th\u1ebb ch\u00e2n tr\u1eafng"},"content":{"rendered":"<p><strong>* Gi\u1edbi thi\u1ec7u:<\/strong><br \/>\nT\u00f4m th\u1ebb ch\u00e2n tr\u1eafng c\u1ee7a Duy Ph\u00e1t \u0111\u01b0\u1ee3c nu\u00f4i trong m\u00f4i tr\u01b0\u1eddng an to\u00e0n, ki\u1ec3m so\u00e1t ch\u1eb7t ch\u1ebd t\u1eeb con gi\u1ed1ng, ngu\u1ed3n n\u01b0\u1edbc \u0111\u1ebfn th\u1ee9c \u0103n. Nh\u1edd \u00e1p d\u1ee5ng c\u00f4ng ngh\u1ec7 nu\u00f4i hi\u1ec7n \u0111\u1ea1i, s\u1ea3n ph\u1ea9m lu\u00f4n \u0111\u1ea3m b\u1ea3o ch\u1ea5t l\u01b0\u1ee3ng \u1ed5n \u0111\u1ecbnh.<br \/>\n<strong>* \u0110\u1eb7c \u0111i\u1ec3m n\u1ed5i b\u1eadt:<\/strong><br \/>\nTh\u1ecbt ch\u1eafc, ng\u1ecdt, v\u1ecf m\u1ecfng, d\u1ec5 ch\u1ebf bi\u1ebfn<br \/>\nNu\u00f4i kh\u00f4ng kh\u00e1ng sinh, \u0111\u1ea3m b\u1ea3o an to\u00e0n v\u1ec7 sinh th\u1ef1c ph\u1ea9m<br \/>\nC\u00f3 th\u1ec3 truy xu\u1ea5t ngu\u1ed3n g\u1ed1c b\u1eb1ng m\u00e3 QR.<br \/>\n<strong>* Gi\u00e1 tr\u1ecb dinh d\u01b0\u1ee1ng:<\/strong><br \/>\nGi\u00e0u \u0111\u1ea1m (protein t\u1ef1 nhi\u00ean), \u00edt b\u00e9o.<br \/>\nCung c\u1ea5p nhi\u1ec1u vitamin B12, omega-3, kho\u00e1ng ch\u1ea5t c\u1ea7n thi\u1ebft.<br \/>\nT\u1ed1t cho s\u1ee9c kh\u1ecfe tim m\u1ea1ch, h\u1ed7 tr\u1ee3 mi\u1ec5n d\u1ecbch.<br \/>\nTh\u00edch h\u1ee3p cho: nh\u00e0 h\u00e0ng, qu\u00e1n \u0103n, si\u00eau th\u1ecb v\u00e0 xu\u1ea5t kh\u1ea9u.<\/p>\n","protected":false},"excerpt":{"rendered":"<p><span class=\"dp-who\">\ud83c\udf7d\ufe0f Nh\u00e0 h\u00e0ng \u00b7 Qu\u00e1n l\u1ea9u \u00b7 B\u1ebfp gia \u0111\u00ecnh<\/span><\/p>\n<p class=\"dp-price-note\">\ud83d\udcac Gi\u00e1 theo s\u1ed1 l\u01b0\u1ee3ng \u2014 Li\u00ean h\u1ec7 b\u00e1o gi\u00e1<\/p>\n","protected":false},"featured_media":3051,"comment_status":"open","ping_status":"closed","template":"","meta":{"_acf_changed":false},"pwb-brand":[],"product_brand":[],"product_cat":[218,289],"product_tag":[],"yst_prominent_words":[],"class_list":{"0":"post-2763","1":"product","2":"type-product","3":"status-publish","4":"has-post-thumbnail","6":"product_cat-san-pham","7":"product_cat-san-pham-tu-tom","9":"first","10":"instock","11":"shipping-taxable","12":"purchasable","13":"product-type-simple","14":"add-to-wishlist-after_add_to_cart"},"acf":[],"brands":[],"_links":{"self":[{"href":"https:\/\/nongnghiepduyphat.vn\/en\/wp-json\/wp\/v2\/product\/2763","targetHints":{"allow":["GET"]}}],"collection":[{"href":"https:\/\/nongnghiepduyphat.vn\/en\/wp-json\/wp\/v2\/product"}],"about":[{"href":"https:\/\/nongnghiepduyphat.vn\/en\/wp-json\/wp\/v2\/types\/product"}],"replies":[{"embeddable":true,"href":"https:\/\/nongnghiepduyphat.vn\/en\/wp-json\/wp\/v2\/comments?post=2763"}],"wp:featuredmedia":[{"embeddable":true,"href":"https:\/\/nongnghiepduyphat.vn\/en\/wp-json\/wp\/v2\/media\/3051"}],"wp:attachment":[{"href":"https:\/\/nongnghiepduyphat.vn\/en\/wp-json\/wp\/v2\/media?parent=2763"}],"wp:term":[{"taxonomy":"pwb-brand","embeddable":true,"href":"https:\/\/nongnghiepduyphat.vn\/en\/wp-json\/wp\/v2\/pwb-brand?post=2763"},{"taxonomy":"product_brand","embeddable":true,"href":"https:\/\/nongnghiepduyphat.vn\/en\/wp-json\/wp\/v2\/product_brand?post=2763"},{"taxonomy":"product_cat","embeddable":true,"href":"https:\/\/nongnghiepduyphat.vn\/en\/wp-json\/wp\/v2\/product_cat?post=2763"},{"taxonomy":"product_tag","embeddable":true,"href":"https:\/\/nongnghiepduyphat.vn\/en\/wp-json\/wp\/v2\/product_tag?post=2763"},{"taxonomy":"yst_prominent_words","embeddable":true,"href":"https:\/\/nongnghiepduyphat.vn\/en\/wp-json\/wp\/v2\/yst_prominent_words?post=2763"}],"curies":[{"name":"wp","href":"https:\/\/api.w.org\/{rel}","templated":true}]}}