{"id":2793,"date":"2025-10-10T16:22:02","date_gmt":"2025-10-10T09:22:02","guid":{"rendered":"https:\/\/duyphat.midolikit.com\/?post_type=product&#038;p=2793"},"modified":"2026-03-05T12:27:28","modified_gmt":"2026-03-05T05:27:28","slug":"tom-su","status":"publish","type":"product","link":"https:\/\/nongnghiepduyphat.vn\/en\/san-pham\/tom-su\/","title":{"rendered":"T\u00f4m s\u00fa"},"content":{"rendered":"<p style=\"text-align: justify;\"><strong>* Gi\u1edbi thi\u1ec7u:<\/strong><\/p>\n<p style=\"text-align: justify;\"><span style=\"font-weight: 400;\">T\u00f4m s\u00fa l\u00e0 m\u1ed9t trong nh\u1eefng s\u1ea3n ph\u1ea9m ch\u1ee7 l\u1ef1c c\u1ee7a Duy Ph\u00e1t, \u0111\u01b0\u1ee3c nu\u00f4i theo quy tr\u00ecnh t\u1ef1\u00a0 nhi\u00ean, \u0111\u1ea3m b\u1ea3o ch\u1ea5t l\u01b0\u1ee3ng cao, h\u01b0\u01a1ng v\u1ecb th\u01a1m ngon.<\/span><\/p>\n<p style=\"text-align: justify;\"><strong>* \u0110\u1eb7c \u0111i\u1ec3m n\u1ed5i b\u1eadt:<\/strong><\/p>\n<p style=\"text-align: justify;\"><span style=\"font-weight: 400;\">K\u00edch th\u01b0\u1edbc l\u1edbn, m\u00e0u s\u1eafc \u0111\u1eb9p<\/span><\/p>\n<p style=\"text-align: justify;\"><span style=\"font-weight: 400;\">Th\u1ecbt ng\u1ecdt, dai, gi\u00e0u h\u01b0\u01a1ng v\u1ecb \u0111\u1eb7c tr\u01b0ng<\/span><\/p>\n<p style=\"text-align: justify;\"><span style=\"font-weight: 400;\">\u0110\u01b0\u1ee3c ch\u1ecdn l\u1ecdc k\u1ef9 l\u01b0\u1ee1ng tr\u01b0\u1edbc khi xu\u1ea5t b\u00e1n.<\/span><\/p>\n<p style=\"text-align: justify;\"><strong>* Gi\u00e1 tr\u1ecb dinh d\u01b0\u1ee1ng:<\/strong><\/p>\n<p style=\"text-align: justify;\"><span style=\"font-weight: 400;\">Ngu\u1ed3n \u0111\u1ea1m t\u1ef1 nhi\u00ean d\u1ed3i d\u00e0o.<\/span><\/p>\n<p style=\"text-align: justify;\"><span style=\"font-weight: 400;\">Gi\u00e0u canxi, ph\u1ed1t pho v\u00e0 k\u1ebdm.<\/span><\/p>\n<p style=\"text-align: justify;\"><span style=\"font-weight: 400;\">Gi\u00fap b\u1ed5 sung n\u0103ng l\u01b0\u1ee3ng, t\u0103ng c\u01b0\u1eddng s\u1ee9c kh\u1ecfe.<\/span><\/p>\n<p style=\"text-align: justify;\"><span style=\"font-weight: 400;\">Th\u00edch h\u1ee3p cho: ch\u1ebf bi\u1ebfn m\u00f3n \u0103n cao c\u1ea5p, xu\u1ea5t kh\u1ea9u.<\/span><\/p>\n","protected":false},"excerpt":{"rendered":"<p><span class=\"dp-who\">\ud83c\udfe8 Nh\u00e0 h\u00e0ng cao c\u1ea5p \u00b7 Resort<\/span><\/p>\n<p class=\"dp-price-note\">\ud83d\udcac Gi\u00e1 theo s\u1ed1 l\u01b0\u1ee3ng \u2014 Li\u00ean h\u1ec7 b\u00e1o gi\u00e1<\/p>\n","protected":false},"featured_media":3053,"comment_status":"open","ping_status":"closed","template":"","meta":{"_acf_changed":false},"pwb-brand":[],"product_brand":[],"product_cat":[218,289],"product_tag":[],"yst_prominent_words":[],"class_list":{"0":"post-2793","1":"product","2":"type-product","3":"status-publish","4":"has-post-thumbnail","6":"product_cat-san-pham","7":"product_cat-san-pham-tu-tom","9":"first","10":"instock","11":"shipping-taxable","12":"purchasable","13":"product-type-simple","14":"add-to-wishlist-after_add_to_cart"},"acf":[],"brands":[],"_links":{"self":[{"href":"https:\/\/nongnghiepduyphat.vn\/en\/wp-json\/wp\/v2\/product\/2793","targetHints":{"allow":["GET"]}}],"collection":[{"href":"https:\/\/nongnghiepduyphat.vn\/en\/wp-json\/wp\/v2\/product"}],"about":[{"href":"https:\/\/nongnghiepduyphat.vn\/en\/wp-json\/wp\/v2\/types\/product"}],"replies":[{"embeddable":true,"href":"https:\/\/nongnghiepduyphat.vn\/en\/wp-json\/wp\/v2\/comments?post=2793"}],"wp:featuredmedia":[{"embeddable":true,"href":"https:\/\/nongnghiepduyphat.vn\/en\/wp-json\/wp\/v2\/media\/3053"}],"wp:attachment":[{"href":"https:\/\/nongnghiepduyphat.vn\/en\/wp-json\/wp\/v2\/media?parent=2793"}],"wp:term":[{"taxonomy":"pwb-brand","embeddable":true,"href":"https:\/\/nongnghiepduyphat.vn\/en\/wp-json\/wp\/v2\/pwb-brand?post=2793"},{"taxonomy":"product_brand","embeddable":true,"href":"https:\/\/nongnghiepduyphat.vn\/en\/wp-json\/wp\/v2\/product_brand?post=2793"},{"taxonomy":"product_cat","embeddable":true,"href":"https:\/\/nongnghiepduyphat.vn\/en\/wp-json\/wp\/v2\/product_cat?post=2793"},{"taxonomy":"product_tag","embeddable":true,"href":"https:\/\/nongnghiepduyphat.vn\/en\/wp-json\/wp\/v2\/product_tag?post=2793"},{"taxonomy":"yst_prominent_words","embeddable":true,"href":"https:\/\/nongnghiepduyphat.vn\/en\/wp-json\/wp\/v2\/yst_prominent_words?post=2793"}],"curies":[{"name":"wp","href":"https:\/\/api.w.org\/{rel}","templated":true}]}}