{"id":2794,"date":"2025-10-10T16:25:14","date_gmt":"2025-10-10T09:25:14","guid":{"rendered":"https:\/\/duyphat.midolikit.com\/?post_type=product&#038;p=2794"},"modified":"2026-03-05T10:30:43","modified_gmt":"2026-03-05T03:30:43","slug":"trung-vit-sach","status":"publish","type":"product","link":"https:\/\/nongnghiepduyphat.vn\/en\/san-pham\/trung-vit-sach\/","title":{"rendered":"Tr\u1ee9ng v\u1ecbt s\u1ea1ch"},"content":{"rendered":"<p style=\"text-align: justify;\"><strong>* Gi\u1edbi thi\u1ec7u:<\/strong><\/p>\n<p style=\"text-align: justify;\"><span style=\"font-weight: 400;\">\u0110\u00e0n v\u1ecbt c\u1ee7a Duy Ph\u00e1t \u0111\u01b0\u1ee3c nu\u00f4i theo m\u00f4 h\u00ecnh an to\u00e0n sinh h\u1ecdc, \u0103n c\u00e1m s\u1ea1ch t\u1ef1 ph\u1ed1i tr\u1ed9n, kh\u00f4ng kh\u00e1ng sinh, nh\u1edd \u0111\u00f3 cho ra nh\u1eefng qu\u1ea3 tr\u1ee9ng t\u01b0\u01a1i, ngon, gi\u00e0u dinh d\u01b0\u1ee1ng.<\/span><\/p>\n<p style=\"text-align: justify;\"><strong>* \u0110\u1eb7c \u0111i\u1ec3m n\u1ed5i b\u1eadt:<\/strong><\/p>\n<p style=\"text-align: justify;\"><span style=\"font-weight: 400;\">V\u1ecf d\u00e0y, l\u00f2ng \u0111\u1ecf v\u00e0ng \u00f3ng, l\u00f2ng tr\u1eafng d\u1ebbo dai.<\/span><\/p>\n<p style=\"text-align: justify;\"><span style=\"font-weight: 400;\">Kh\u00f4ng t\u1ed3n d\u01b0 kh\u00e1ng sinh, an to\u00e0n tuy\u1ec7t \u0111\u1ed1i.<\/span><\/p>\n<p style=\"text-align: justify;\"><span style=\"font-weight: 400;\">\u0110\u01b0\u1ee3c ph\u00e2n lo\u1ea1i, \u0111\u00f3ng g\u00f3i k\u1ef9 l\u01b0\u1ee1ng tr\u01b0\u1edbc khi \u0111\u01b0a ra th\u1ecb tr\u01b0\u1eddng.<\/span><\/p>\n<p style=\"text-align: justify;\"><strong>* Gi\u00e1 tr\u1ecb dinh d\u01b0\u1ee1ng:<\/strong><\/p>\n<p style=\"text-align: justify;\"><span style=\"font-weight: 400;\">Cung c\u1ea5p protein, vitamin A, D, E v\u00e0 nh\u00f3m B<\/span><\/p>\n<p style=\"text-align: justify;\"><span style=\"font-weight: 400;\">Gi\u00e0u omega 3, t\u1ed1t cho tr\u00ed n\u00e3o v\u00e0 tim m\u1ea1ch<\/span><\/p>\n<p style=\"text-align: justify;\"><span style=\"font-weight: 400;\">Ph\u00f9 h\u1ee3p cho ch\u1ebf bi\u1ebfn nhi\u1ec1u m\u00f3n \u0103n<\/span><\/p>\n<p style=\"text-align: justify;\"><span style=\"font-weight: 400;\">Ph\u00e2n ph\u1ed1i cho: th\u01b0\u01a1ng l\u00e1i, ch\u1ee3 \u0111\u1ea7u m\u1ed1i, si\u00eau th\u1ecb, c\u00f4ng ty ch\u1ebf bi\u1ebfn.<\/span><\/p>\n","protected":false},"excerpt":{"rendered":"<p><span class=\"dp-who\">\ud83e\uddc1 C\u01a1 s\u1edf b\u00e1nh \u00b7 Qu\u00e1n \u0103n \u00b7 Gia \u0111\u00ecnh<\/span><\/p>\n<div class=\"dp-price-note\">\ud83d\udcac Gi\u00e1 theo v\u1ec9 \/ th\u00f9ng \u2014 Li\u00ean h\u1ec7 b\u00e1o gi\u00e1<\/div>\n","protected":false},"featured_media":3055,"comment_status":"open","ping_status":"closed","template":"","meta":{"_acf_changed":false},"pwb-brand":[],"product_brand":[],"product_cat":[218,291],"product_tag":[],"yst_prominent_words":[],"class_list":{"0":"post-2794","1":"product","2":"type-product","3":"status-publish","4":"has-post-thumbnail","6":"product_cat-san-pham","7":"product_cat-san-pham-tu-trung-vit-duy-phat","9":"first","10":"instock","11":"shipping-taxable","12":"purchasable","13":"product-type-simple","14":"add-to-wishlist-after_add_to_cart"},"acf":[],"brands":[],"_links":{"self":[{"href":"https:\/\/nongnghiepduyphat.vn\/en\/wp-json\/wp\/v2\/product\/2794","targetHints":{"allow":["GET"]}}],"collection":[{"href":"https:\/\/nongnghiepduyphat.vn\/en\/wp-json\/wp\/v2\/product"}],"about":[{"href":"https:\/\/nongnghiepduyphat.vn\/en\/wp-json\/wp\/v2\/types\/product"}],"replies":[{"embeddable":true,"href":"https:\/\/nongnghiepduyphat.vn\/en\/wp-json\/wp\/v2\/comments?post=2794"}],"wp:featuredmedia":[{"embeddable":true,"href":"https:\/\/nongnghiepduyphat.vn\/en\/wp-json\/wp\/v2\/media\/3055"}],"wp:attachment":[{"href":"https:\/\/nongnghiepduyphat.vn\/en\/wp-json\/wp\/v2\/media?parent=2794"}],"wp:term":[{"taxonomy":"pwb-brand","embeddable":true,"href":"https:\/\/nongnghiepduyphat.vn\/en\/wp-json\/wp\/v2\/pwb-brand?post=2794"},{"taxonomy":"product_brand","embeddable":true,"href":"https:\/\/nongnghiepduyphat.vn\/en\/wp-json\/wp\/v2\/product_brand?post=2794"},{"taxonomy":"product_cat","embeddable":true,"href":"https:\/\/nongnghiepduyphat.vn\/en\/wp-json\/wp\/v2\/product_cat?post=2794"},{"taxonomy":"product_tag","embeddable":true,"href":"https:\/\/nongnghiepduyphat.vn\/en\/wp-json\/wp\/v2\/product_tag?post=2794"},{"taxonomy":"yst_prominent_words","embeddable":true,"href":"https:\/\/nongnghiepduyphat.vn\/en\/wp-json\/wp\/v2\/yst_prominent_words?post=2794"}],"curies":[{"name":"wp","href":"https:\/\/api.w.org\/{rel}","templated":true}]}}