{"id":2795,"date":"2025-10-10T16:27:19","date_gmt":"2025-10-10T09:27:19","guid":{"rendered":"https:\/\/duyphat.midolikit.com\/?post_type=product&#038;p=2795"},"modified":"2026-03-05T12:35:14","modified_gmt":"2026-03-05T05:35:14","slug":"trung-vit-muoi","status":"publish","type":"product","link":"https:\/\/nongnghiepduyphat.vn\/en\/san-pham\/trung-vit-muoi\/","title":{"rendered":"Tr\u1ee9ng v\u1ecbt mu\u1ed1i"},"content":{"rendered":"<p style=\"text-align: justify;\"><strong>* Gi\u1edbi thi\u1ec7u:<\/strong><\/p>\n<p style=\"text-align: justify;\"><span style=\"font-weight: 400;\">Tr\u1ee9ng v\u1ecbt mu\u1ed1i c\u1ee7a Duy Ph\u00e1t \u0111\u01b0\u1ee3c ch\u1ecdn l\u1ecdc t\u1eeb nh\u1eefng qu\u1ea3 tr\u1ee9ng s\u1ea1ch, mu\u1ed1i theo quy tr\u00ecnh truy\u1ec1n th\u1ed1ng k\u1ebft h\u1ee3p v\u1edbi hi\u1ec7n \u0111\u1ea1i, \u0111\u1ea3m b\u1ea3o h\u01b0\u01a1ng v\u1ecb th\u01a1m ngon, an to\u00e0n cho ng\u01b0\u1eddi d\u00f9ng.<\/span><\/p>\n<p style=\"text-align: justify;\"><strong>* \u0110\u1eb7c \u0111i\u1ec3m n\u1ed5i b\u1eadt:<\/strong><\/p>\n<p style=\"text-align: justify;\"><span style=\"font-weight: 400;\">L\u00f2ng \u0111\u1ecf \u0111\u1ecf cam, b\u00e9o, th\u01a1m b\u00f9i<\/span><\/p>\n<p style=\"text-align: justify;\"><span style=\"font-weight: 400;\">\u0110\u01b0\u1ee3c mu\u1ed1i b\u1eb1ng c\u00f4ng th\u1ee9c s\u1ea1ch, kh\u00f4ng ch\u1ea5t b\u1ea3o qu\u1ea3n<\/span><\/p>\n<p style=\"text-align: justify;\"><span style=\"font-weight: 400;\">\u0110\u00f3ng g\u00f3i \u0111\u1eb9p, ti\u1ec7n cho ph\u00e2n ph\u1ed1i.<\/span><\/p>\n<p style=\"text-align: justify;\"><strong>* Gi\u00e1 tr\u1ecb dinh d\u01b0\u1ee1ng:<\/strong><\/p>\n<p style=\"text-align: justify;\"><span style=\"font-weight: 400;\">Gi\u00e0u protein, canxi, Vitamin A.<\/span><\/p>\n<p style=\"text-align: justify;\"><span style=\"font-weight: 400;\">L\u00f2ng \u0111\u1ecf nhi\u1ec1u DHA, t\u1ed1t cho tr\u00ed n\u00e3o v\u00e0 m\u1eaft<\/span><\/p>\n<p style=\"text-align: justify;\"><span style=\"font-weight: 400;\">Th\u00edch h\u1ee3p \u0111\u1ec3 \u0103n tr\u1ef1c ti\u1ebfp ho\u1eb7c ch\u1ebfbi\u1ebfn b\u00e1nh trung thu, m\u00f3n m\u1eb7n.<\/span><\/p>\n<p style=\"text-align: justify;\"><span style=\"font-weight: 400;\">K\u00eanh ti\u00eau th\u1ee5: nh\u00e0 h\u00e0ng, qu\u00e1n \u0103n, si\u00eau th\u1ecb, xu\u1ea5t kh\u1ea9u.<\/span><\/p>\n","protected":false},"excerpt":{"rendered":"<p><span class=\"dp-who\">\ud83c\udf82 B\u00e1nh trung thu \u00b7 \u0110\u1eb7c s\u1ea3n<\/span><\/p>\n<p class=\"dp-price-note\">\ud83d\udcac Gi\u00e1 theo v\u1ec9 \/ th\u00f9ng \u2014 Li\u00ean h\u1ec7 b\u00e1o gi\u00e1<\/p>\n","protected":false},"featured_media":3057,"comment_status":"open","ping_status":"closed","template":"","meta":{"_acf_changed":false},"pwb-brand":[],"product_brand":[],"product_cat":[218,291],"product_tag":[],"yst_prominent_words":[],"class_list":{"0":"post-2795","1":"product","2":"type-product","3":"status-publish","4":"has-post-thumbnail","6":"product_cat-san-pham","7":"product_cat-san-pham-tu-trung-vit-duy-phat","9":"first","10":"instock","11":"shipping-taxable","12":"purchasable","13":"product-type-simple","14":"add-to-wishlist-after_add_to_cart"},"acf":[],"brands":[],"_links":{"self":[{"href":"https:\/\/nongnghiepduyphat.vn\/en\/wp-json\/wp\/v2\/product\/2795","targetHints":{"allow":["GET"]}}],"collection":[{"href":"https:\/\/nongnghiepduyphat.vn\/en\/wp-json\/wp\/v2\/product"}],"about":[{"href":"https:\/\/nongnghiepduyphat.vn\/en\/wp-json\/wp\/v2\/types\/product"}],"replies":[{"embeddable":true,"href":"https:\/\/nongnghiepduyphat.vn\/en\/wp-json\/wp\/v2\/comments?post=2795"}],"wp:featuredmedia":[{"embeddable":true,"href":"https:\/\/nongnghiepduyphat.vn\/en\/wp-json\/wp\/v2\/media\/3057"}],"wp:attachment":[{"href":"https:\/\/nongnghiepduyphat.vn\/en\/wp-json\/wp\/v2\/media?parent=2795"}],"wp:term":[{"taxonomy":"pwb-brand","embeddable":true,"href":"https:\/\/nongnghiepduyphat.vn\/en\/wp-json\/wp\/v2\/pwb-brand?post=2795"},{"taxonomy":"product_brand","embeddable":true,"href":"https:\/\/nongnghiepduyphat.vn\/en\/wp-json\/wp\/v2\/product_brand?post=2795"},{"taxonomy":"product_cat","embeddable":true,"href":"https:\/\/nongnghiepduyphat.vn\/en\/wp-json\/wp\/v2\/product_cat?post=2795"},{"taxonomy":"product_tag","embeddable":true,"href":"https:\/\/nongnghiepduyphat.vn\/en\/wp-json\/wp\/v2\/product_tag?post=2795"},{"taxonomy":"yst_prominent_words","embeddable":true,"href":"https:\/\/nongnghiepduyphat.vn\/en\/wp-json\/wp\/v2\/yst_prominent_words?post=2795"}],"curies":[{"name":"wp","href":"https:\/\/api.w.org\/{rel}","templated":true}]}}