{"id":2796,"date":"2025-10-10T16:31:38","date_gmt":"2025-10-10T09:31:38","guid":{"rendered":"https:\/\/duyphat.midolikit.com\/?post_type=product&#038;p=2796"},"modified":"2026-03-05T12:30:34","modified_gmt":"2026-03-05T05:30:34","slug":"cua-lot-cua-2-da","status":"publish","type":"product","link":"https:\/\/nongnghiepduyphat.vn\/en\/san-pham\/cua-lot-cua-2-da\/","title":{"rendered":"Cua l\u1ed9t (cua 2 da)"},"content":{"rendered":"<p style=\"text-align: justify;\"><strong>* Gi\u1edbi thi\u1ec7u:<\/strong><\/p>\n<p style=\"text-align: justify;\"><span style=\"font-weight: 400;\">Cua l\u1ed9t c\u1ee7a Duy Ph\u00e1t \u0111\u01b0\u1ee3c nu\u00f4i theo m\u00f4 h\u00ecnh hi\u1ec7n \u0111\u1ea1i, cua ch\u1eafc kh\u1ecfe, khi thay v\u1ecf \u0111\u01b0\u1ee3c thu ho\u1ea1ch k\u1ecbp th\u1eddi, cho ra s\u1ea3n ph\u1ea9m ch\u1ea5t l\u01b0\u1ee3ng cao, gi\u00e0u dinh d\u01b0\u1ee1ng.<\/span><\/p>\n<p style=\"text-align: justify;\"><strong>* \u0110\u1eb7c \u0111i\u1ec3m n\u1ed5i b\u1eadt:<\/strong><\/p>\n<p style=\"text-align: justify;\"><span style=\"font-weight: 400;\">To\u00e0n b\u1ed9 cua m\u1ec1m, \u0103n \u0111\u01b0\u1ee3c c\u1ea3 v\u1ecf<\/span><\/p>\n<p style=\"text-align: justify;\"><span style=\"font-weight: 400;\">Th\u1ecbt ng\u1ecdt, b\u00e9o, d\u1ec5 ch\u1ebf bi\u1ebfn<\/span><\/p>\n<p style=\"text-align: justify;\"><span style=\"font-weight: 400;\">S\u1ea3n ph\u1ea9m cao c\u1ea5p, gi\u00e1 tr\u1ecb xu\u1ea5t kh\u1ea9u l\u1edbn.<\/span><\/p>\n<p style=\"text-align: justify;\"><strong>* Gi\u00e1 tr\u1ecb dinh d\u01b0\u1ee1ng:<\/strong><\/p>\n<p style=\"text-align: justify;\"><span style=\"font-weight: 400;\">Gi\u00e0u \u0111\u1ea1m, canxi, ph\u1ed1t pho, s\u1eaft<\/span><\/p>\n<p style=\"text-align: justify;\"><span style=\"font-weight: 400;\">B\u1ed5 sung dinh d\u01b0\u1ee1ng cho x\u01b0\u01a1ng kh\u1edbp<\/span><\/p>\n<p style=\"text-align: justify;\"><span style=\"font-weight: 400;\">H\u1ed7 tr\u1ee3 t\u0103ng c\u01b0\u1eddng s\u1ee9c kh\u1ecfe, \u0111\u1eb7c bi\u1ec7t t\u1ed1t cho ng\u01b0\u1eddi\u00a0 l\u1edbn tu\u1ed5i.<\/span><\/p>\n<p style=\"text-align: justify;\"><span style=\"font-weight: 400;\">Th\u1ecb tr\u01b0\u1eddng ti\u00eau th\u1ee5: nh\u00e0 h\u00e0ng, kh\u00e1ch s\u1ea1n, xu\u1ea5t kh\u1ea9u.<\/span><\/p>\n","protected":false},"excerpt":{"rendered":"<p><span class=\"dp-who\">\ud83d\udc68\u200d\ud83c\udf73 Nh\u00e0 h\u00e0ng \u00b7 Kh\u00e1ch s\u1ea1n \u00b7 B\u1ebfp chuy\u00ean nghi\u1ec7p<\/span><\/p>\n<p class=\"dp-price-note\">\ud83d\udcac Gi\u00e1 theo \u0111\u01a1n \u0111\u1eb7t h\u00e0ng<\/p>\n","protected":false},"featured_media":3059,"comment_status":"open","ping_status":"closed","template":"","meta":{"_acf_changed":false},"pwb-brand":[],"product_brand":[],"product_cat":[218,292],"product_tag":[],"yst_prominent_words":[],"class_list":{"0":"post-2796","1":"product","2":"type-product","3":"status-publish","4":"has-post-thumbnail","6":"product_cat-san-pham","7":"product_cat-san-pham-tu-cua","9":"first","10":"instock","11":"shipping-taxable","12":"purchasable","13":"product-type-simple","14":"add-to-wishlist-after_add_to_cart"},"acf":[],"brands":[],"_links":{"self":[{"href":"https:\/\/nongnghiepduyphat.vn\/en\/wp-json\/wp\/v2\/product\/2796","targetHints":{"allow":["GET"]}}],"collection":[{"href":"https:\/\/nongnghiepduyphat.vn\/en\/wp-json\/wp\/v2\/product"}],"about":[{"href":"https:\/\/nongnghiepduyphat.vn\/en\/wp-json\/wp\/v2\/types\/product"}],"replies":[{"embeddable":true,"href":"https:\/\/nongnghiepduyphat.vn\/en\/wp-json\/wp\/v2\/comments?post=2796"}],"wp:featuredmedia":[{"embeddable":true,"href":"https:\/\/nongnghiepduyphat.vn\/en\/wp-json\/wp\/v2\/media\/3059"}],"wp:attachment":[{"href":"https:\/\/nongnghiepduyphat.vn\/en\/wp-json\/wp\/v2\/media?parent=2796"}],"wp:term":[{"taxonomy":"pwb-brand","embeddable":true,"href":"https:\/\/nongnghiepduyphat.vn\/en\/wp-json\/wp\/v2\/pwb-brand?post=2796"},{"taxonomy":"product_brand","embeddable":true,"href":"https:\/\/nongnghiepduyphat.vn\/en\/wp-json\/wp\/v2\/product_brand?post=2796"},{"taxonomy":"product_cat","embeddable":true,"href":"https:\/\/nongnghiepduyphat.vn\/en\/wp-json\/wp\/v2\/product_cat?post=2796"},{"taxonomy":"product_tag","embeddable":true,"href":"https:\/\/nongnghiepduyphat.vn\/en\/wp-json\/wp\/v2\/product_tag?post=2796"},{"taxonomy":"yst_prominent_words","embeddable":true,"href":"https:\/\/nongnghiepduyphat.vn\/en\/wp-json\/wp\/v2\/yst_prominent_words?post=2796"}],"curies":[{"name":"wp","href":"https:\/\/api.w.org\/{rel}","templated":true}]}}