{"id":2799,"date":"2025-10-10T16:34:00","date_gmt":"2025-10-10T09:34:00","guid":{"rendered":"https:\/\/duyphat.midolikit.com\/?post_type=product&#038;p=2799"},"modified":"2026-03-05T11:54:58","modified_gmt":"2026-03-05T04:54:58","slug":"thuc-an-chan-nuoi-sach","status":"publish","type":"product","link":"https:\/\/nongnghiepduyphat.vn\/en\/san-pham\/thuc-an-chan-nuoi-sach\/","title":{"rendered":"Th\u1ee9c \u0103n ch\u0103n nu\u00f4i s\u1ea1ch"},"content":{"rendered":"<p style=\"text-align: justify;\"><strong>* Gi\u1edbi thi\u1ec7u:<\/strong><\/p>\n<p style=\"text-align: justify;\"><span style=\"font-weight: 400;\">C\u00e1m vi\u00ean Duy Ph\u00e1t\u00a0 \u0111\u01b0\u1ee3c t\u1ef1 ph\u1ed1i tr\u1ed9n t\u1eeb nguy\u00ean li\u1ec7u t\u1ef1 nhi\u00ean: c\u00e1m g\u1ea1o, b\u00e3 \u0111\u1eadu, c\u00e1 kh\u00f4, ru\u1ed1t t\u01b0\u01a1i, vitamin v\u00e0 kho\u00e1ng ch\u1ea5t. Ho\u00e0n to\u00e0n kh\u00f4ng d\u00f9ng hormone t\u0103ng tr\u01b0\u1edfng, kh\u00f4ng ch\u1ea5t c\u1ea5m.<\/span><\/p>\n<p style=\"text-align: justify;\"><strong>* \u0110\u1eb7c \u0111i\u1ec3m n\u1ed5i b\u1eadt:<\/strong><\/p>\n<p style=\"text-align: justify;\"><span style=\"font-weight: 400;\">Vi\u00ean c\u00e1m ch\u1eafc, d\u1ec5 b\u1ea3o qu\u1ea3n, kh\u00f4ng m\u1ed1c<\/span><\/p>\n<p style=\"text-align: justify;\"><span style=\"font-weight: 400;\">Gi\u00fap v\u1eadt nu\u00f4i l\u1edbn nhanh, kh\u1ecfe m\u1ea1nh, \u00edt b\u1ec7nh<\/span><\/p>\n<p style=\"text-align: justify;\"><span style=\"font-weight: 400;\">Ti\u1ebft ki\u1ec7m chi ph\u00ed cho ng\u01b0\u1eddi nu\u00f4i<\/span><\/p>\n<p style=\"text-align: justify;\"><strong>* Gi\u00e1 tr\u1ecb dinh d\u01b0\u1ee1ng:<\/strong><\/p>\n<p style=\"text-align: justify;\"><span style=\"font-weight: 400;\">\u0110\u1ee7 c\u00e1c ch\u1ec9 s\u1ed1 v\u1ec1: \u0111\u1ea1m,ch\u1ea5t b\u00e9o, kho\u00e1ng, vitamin<\/span><\/p>\n<p style=\"text-align: justify;\"><span style=\"font-weight: 400;\">C\u00f4ng th\u1ee9c t\u1ed1i \u01b0u cho t\u1eebng giia \u0111o\u1ea1n ph\u00e1t tri\u1ec3n<\/span><\/p>\n<p style=\"text-align: justify;\"><span style=\"font-weight: 400;\">Th\u00e2n thi\u1ec7n v\u1edbi m\u00f4i tr\u01b0\u1eddng, gi\u1ea3m \u00f4 nhi\u1ec5m n\u01b0\u1edbc ao nu\u00f4i.<\/span><\/p>\n<p style=\"text-align: justify;\"><span style=\"font-weight: 400;\">\u1ee8ng d\u1ee5ng: nu\u00f4i v\u1ecbt \u0111\u1ebb, v\u1ecbt th\u1ecbt, t\u00f4m, c\u00e1 v\u00e0 c\u00e1c v\u1eadt nu\u00f4i kh\u00e1c.<\/span><\/p>\n","protected":false},"excerpt":{"rendered":"<p><span class=\"dp-who\">\ud83d\ude9c Trang tr\u1ea1i \u00b7 C\u01a1 s\u1edf nu\u00f4i tr\u1ed3ng<\/span><\/p>\n<p class=\"dp-price-note\">\ud83d\udcac Gi\u00e1 theo \u0111\u01a1n \u2014 Li\u00ean h\u1ec7 t\u01b0 v\u1ea5n<\/p>\n","protected":false},"featured_media":2761,"comment_status":"open","ping_status":"closed","template":"","meta":{"_acf_changed":false},"pwb-brand":[],"product_brand":[],"product_cat":[218,293],"product_tag":[],"yst_prominent_words":[],"class_list":{"0":"post-2799","1":"product","2":"type-product","3":"status-publish","4":"has-post-thumbnail","6":"product_cat-san-pham","7":"product_cat-thuc-an-chan-nuoi","9":"first","10":"instock","11":"shipping-taxable","12":"product-type-simple","13":"add-to-wishlist-after_add_to_cart"},"acf":[],"brands":[],"_links":{"self":[{"href":"https:\/\/nongnghiepduyphat.vn\/en\/wp-json\/wp\/v2\/product\/2799","targetHints":{"allow":["GET"]}}],"collection":[{"href":"https:\/\/nongnghiepduyphat.vn\/en\/wp-json\/wp\/v2\/product"}],"about":[{"href":"https:\/\/nongnghiepduyphat.vn\/en\/wp-json\/wp\/v2\/types\/product"}],"replies":[{"embeddable":true,"href":"https:\/\/nongnghiepduyphat.vn\/en\/wp-json\/wp\/v2\/comments?post=2799"}],"wp:featuredmedia":[{"embeddable":true,"href":"https:\/\/nongnghiepduyphat.vn\/en\/wp-json\/wp\/v2\/media\/2761"}],"wp:attachment":[{"href":"https:\/\/nongnghiepduyphat.vn\/en\/wp-json\/wp\/v2\/media?parent=2799"}],"wp:term":[{"taxonomy":"pwb-brand","embeddable":true,"href":"https:\/\/nongnghiepduyphat.vn\/en\/wp-json\/wp\/v2\/pwb-brand?post=2799"},{"taxonomy":"product_brand","embeddable":true,"href":"https:\/\/nongnghiepduyphat.vn\/en\/wp-json\/wp\/v2\/product_brand?post=2799"},{"taxonomy":"product_cat","embeddable":true,"href":"https:\/\/nongnghiepduyphat.vn\/en\/wp-json\/wp\/v2\/product_cat?post=2799"},{"taxonomy":"product_tag","embeddable":true,"href":"https:\/\/nongnghiepduyphat.vn\/en\/wp-json\/wp\/v2\/product_tag?post=2799"},{"taxonomy":"yst_prominent_words","embeddable":true,"href":"https:\/\/nongnghiepduyphat.vn\/en\/wp-json\/wp\/v2\/yst_prominent_words?post=2799"}],"curies":[{"name":"wp","href":"https:\/\/api.w.org\/{rel}","templated":true}]}}